{"id":505,"date":"2018-02-04T16:06:17","date_gmt":"2018-02-04T16:06:17","guid":{"rendered":"http:\/\/localhost\/wordpress\/catelyn\/?page_id=9"},"modified":"2019-12-13T23:03:39","modified_gmt":"2019-12-13T23:03:39","slug":"contact","status":"publish","type":"page","link":"https:\/\/mommy-time.de\/wordpress\/contact\/","title":{"rendered":"CONTACT"},"content":{"rendered":"<p><img loading=\"lazy\" decoding=\"async\" class=\"alignnone wp-image-648 size-full\" src=\"https:\/\/mommy-time.de\/wordpress\/wp-content\/uploads\/2019\/12\/Karokauer-Mary-Fashionloveland.jpg\" alt=\"\" width=\"1000\" height=\"667\" srcset=\"https:\/\/mommy-time.de\/wordpress\/wp-content\/uploads\/2019\/12\/Karokauer-Mary-Fashionloveland.jpg 1000w, https:\/\/mommy-time.de\/wordpress\/wp-content\/uploads\/2019\/12\/Karokauer-Mary-Fashionloveland-300x200.jpg 300w, https:\/\/mommy-time.de\/wordpress\/wp-content\/uploads\/2019\/12\/Karokauer-Mary-Fashionloveland-768x512.jpg 768w, https:\/\/mommy-time.de\/wordpress\/wp-content\/uploads\/2019\/12\/Karokauer-Mary-Fashionloveland-655x437.jpg 655w\" sizes=\"auto, (max-width: 1000px) 100vw, 1000px\" \/>[one-half-first align=&#8220;justify&#8220;]\nDu m\u00f6chtest auch beim n\u00e4chsten Event mit dabei sein? Dann schreib mir doch gerne! Wir schicken dir daraufhin alle n\u00f6tigen Informationen zu.<\/p>\n<p>Kontakt: Samira Adam<\/p>\n<p>Email: mommytimeevent@gmail.com<\/p>\n[\/one-half-first]\n[one-half align=&#8220;left&#8220;]\n<div class=\"wpcf7 no-js\" id=\"wpcf7-f50-o1\" lang=\"en-US\" dir=\"ltr\" data-wpcf7-id=\"50\">\n<div class=\"screen-reader-response\"><p role=\"status\" aria-live=\"polite\" aria-atomic=\"true\"><\/p> <ul><\/ul><\/div>\n<form action=\"\/wordpress\/wp-json\/wp\/v2\/pages\/505#wpcf7-f50-o1\" method=\"post\" class=\"wpcf7-form init\" aria-label=\"Contact form\" novalidate=\"novalidate\" data-status=\"init\">\n<fieldset class=\"hidden-fields-container\"><input type=\"hidden\" name=\"_wpcf7\" value=\"50\" \/><input type=\"hidden\" name=\"_wpcf7_version\" value=\"6.1.1\" \/><input type=\"hidden\" name=\"_wpcf7_locale\" value=\"en_US\" \/><input type=\"hidden\" name=\"_wpcf7_unit_tag\" value=\"wpcf7-f50-o1\" \/><input type=\"hidden\" name=\"_wpcf7_container_post\" value=\"0\" \/><input type=\"hidden\" name=\"_wpcf7_posted_data_hash\" value=\"\" \/>\n<\/fieldset>\n<p class=\"name\"><span class=\"wpcf7-form-control-wrap\" data-name=\"your-name\"><input size=\"40\" maxlength=\"400\" class=\"wpcf7-form-control wpcf7-text wpcf7-validates-as-required\" aria-required=\"true\" aria-invalid=\"false\" placeholder=\"NAME *\" value=\"\" type=\"text\" name=\"your-name\" \/><\/span>\n<\/p>\n<p class=\"email\"><span class=\"wpcf7-form-control-wrap\" data-name=\"your-email\"><input size=\"40\" maxlength=\"400\" class=\"wpcf7-form-control wpcf7-email wpcf7-validates-as-required wpcf7-text wpcf7-validates-as-email\" aria-required=\"true\" aria-invalid=\"false\" placeholder=\"EMAIL *\" value=\"\" type=\"email\" name=\"your-email\" \/><\/span>\n<\/p>\n<p class=\"subject\"><span class=\"wpcf7-form-control-wrap\" data-name=\"your-subject\"><input size=\"40\" maxlength=\"400\" class=\"wpcf7-form-control wpcf7-text\" aria-invalid=\"false\" placeholder=\"SUBJECT\" value=\"\" type=\"text\" name=\"your-subject\" \/><\/span>\n<\/p>\n<p class=\"message\"><span class=\"wpcf7-form-control-wrap\" data-name=\"your-message\"><textarea cols=\"40\" rows=\"10\" maxlength=\"2000\" class=\"wpcf7-form-control wpcf7-textarea\" aria-invalid=\"false\" placeholder=\"MESSAGE\" name=\"your-message\"><\/textarea><\/span>\n<\/p>\n<p class=\"send\"><input class=\"wpcf7-form-control wpcf7-submit has-spinner\" type=\"submit\" value=\"SEND\" \/>\n<\/p><div class=\"wpcf7-response-output\" aria-hidden=\"true\"><\/div>\n<\/form>\n<\/div>\n[\/one-half]\n","protected":false},"excerpt":{"rendered":"<p>[one-half-first align=&#8220;justify&#8220;] Du m\u00f6chtest auch beim n\u00e4chsten Event mit dabei sein? Dann schreib mir doch gerne! Wir schicken dir daraufhin alle n\u00f6tigen Informationen zu. Kontakt: Samira Adam Email: mommytimeevent@gmail.com [\/one-half-first] [one-half align=&#8220;left&#8220;][\/one-half]<\/p>\n","protected":false},"author":2,"featured_media":0,"parent":0,"menu_order":0,"comment_status":"closed","ping_status":"closed","template":"","meta":{"_genesis_hide_title":false,"_genesis_hide_breadcrumbs":false,"_genesis_hide_singular_image":false,"_genesis_hide_footer_widgets":false,"_genesis_custom_body_class":"hide-title","_genesis_custom_post_class":"","_genesis_layout":"full-width-content","footnotes":""},"class_list":{"0":"post-505","1":"page","2":"type-page","3":"status-publish","5":"entry","6":"odd"},"_links":{"self":[{"href":"https:\/\/mommy-time.de\/wordpress\/wp-json\/wp\/v2\/pages\/505","targetHints":{"allow":["GET"]}}],"collection":[{"href":"https:\/\/mommy-time.de\/wordpress\/wp-json\/wp\/v2\/pages"}],"about":[{"href":"https:\/\/mommy-time.de\/wordpress\/wp-json\/wp\/v2\/types\/page"}],"author":[{"embeddable":true,"href":"https:\/\/mommy-time.de\/wordpress\/wp-json\/wp\/v2\/users\/2"}],"replies":[{"embeddable":true,"href":"https:\/\/mommy-time.de\/wordpress\/wp-json\/wp\/v2\/comments?post=505"}],"version-history":[{"count":2,"href":"https:\/\/mommy-time.de\/wordpress\/wp-json\/wp\/v2\/pages\/505\/revisions"}],"predecessor-version":[{"id":651,"href":"https:\/\/mommy-time.de\/wordpress\/wp-json\/wp\/v2\/pages\/505\/revisions\/651"}],"wp:attachment":[{"href":"https:\/\/mommy-time.de\/wordpress\/wp-json\/wp\/v2\/media?parent=505"}],"curies":[{"name":"wp","href":"https:\/\/api.w.org\/{rel}","templated":true}]}}