{"id":500,"date":"2018-11-06T11:49:41","date_gmt":"2018-11-06T11:49:41","guid":{"rendered":"https:\/\/catelyn.herparkstudio.com\/?page_id=500"},"modified":"2020-07-10T19:07:42","modified_gmt":"2020-07-10T19:07:42","slug":"home","status":"publish","type":"page","link":"https:\/\/mommy-time.de\/wordpress\/","title":{"rendered":"HOME"},"content":{"rendered":"<figure><img decoding=\"async\" src=\"https:\/\/mommy-time.de\/wordpress\/wp-content\/uploads\/2019\/12\/MT-1-800x800.jpg\" alt=\"Karo Kauer Event\" \/><\/figure>\n<figure><img decoding=\"async\" src=\"https:\/\/mommy-time.de\/wordpress\/wp-content\/uploads\/2019\/12\/Mt2-800x800.jpg\" alt=\"Mt2\" \/><\/figure>\n<figure><img decoding=\"async\" src=\"https:\/\/mommy-time.de\/wordpress\/wp-content\/uploads\/2019\/12\/mommygirls-800x800.jpg\" alt=\"Mamablogger\" \/><\/figure>\n<figure><img decoding=\"async\" src=\"https:\/\/mommy-time.de\/wordpress\/wp-content\/uploads\/2019\/12\/MTd-800x800.jpg\" alt=\"Mommy Time Talk Orthomol\" \/><\/figure>\n<figure><img decoding=\"async\" src=\"https:\/\/mommy-time.de\/wordpress\/wp-content\/uploads\/2019\/12\/mamas-800x800.jpg\" alt=\"Ajat Jasmin Cangiesleben\" \/><\/figure>\n<figure><img decoding=\"async\" src=\"https:\/\/mommy-time.de\/wordpress\/wp-content\/uploads\/2019\/12\/Theraline-800x800.jpg\" alt=\"Theraline Mary Fashionloveland\" \/><\/figure>\n<figure><img decoding=\"async\" src=\"https:\/\/mommy-time.de\/wordpress\/wp-content\/uploads\/2019\/12\/RTL-800x800.jpg\" alt=\"RTL WEST Interview\" \/><\/figure>\n<figure><img decoding=\"async\" src=\"https:\/\/mommy-time.de\/wordpress\/wp-content\/uploads\/2019\/12\/Mommy-Time-D\u00fcsseldorf-1-800x667.jpg\" alt=\"Mommy Time D\u00fcsseldorf\" \/><\/figure>\n<figure><img decoding=\"async\" src=\"https:\/\/mommy-time.de\/wordpress\/wp-content\/uploads\/2019\/12\/Momddt-800x800.jpg\" alt=\"Momddt\" \/><\/figure>\n<figure><img decoding=\"async\" src=\"https:\/\/mommy-time.de\/wordpress\/wp-content\/uploads\/2019\/12\/MTOD-800x800.jpg\" alt=\"MTOD\" \/><\/figure>\n<figure><img decoding=\"async\" src=\"https:\/\/mommy-time.de\/wordpress\/wp-content\/uploads\/2019\/12\/DIEIE-800x800.jpg\" alt=\"Foodtruck Mommy Time Event\" \/><\/figure>\n<figure><img decoding=\"async\" src=\"https:\/\/mommy-time.de\/wordpress\/wp-content\/uploads\/2019\/12\/MommyTimed-800x800.jpg\" alt=\"Mommy Time Event\" \/><\/figure>\n<figure><img decoding=\"async\" src=\"https:\/\/mommy-time.de\/wordpress\/wp-content\/uploads\/2019\/12\/mommytim3e-e1576084413507-800x800.jpg\" alt=\"Anette Dittgen\" \/><\/figure>\n<p>\t\t\t\t\t\tZur\u00fcck<br \/>\n\t\t\t\t\t\tWeiter<\/p>\n<h2><a href=\"https:\/\/mommy-time.de\/wordpress\/index.php\/2019\/10\/13\/mommytime-event-2019\/\">DAS EVENT<\/a><\/h2>\n<h2><a href=\"https:\/\/mommy-time.de\/wordpress\/full-width\/shop\/\">SHOP<\/a><\/h2>\n<h2><a href=\"https:\/\/mommy-time.de\/wordpress\/index.php\/full-width\/blog\/\">BLOG<\/a><\/h2>\n<h2>F\u00dcR MOMMY&#8217;S!<\/h2>\n<p>Wir k\u00fcmmern uns den ganzen Tag um unsere Kinder, Familien, den Haushalt und einige m\u00fcssen noch zus\u00e4tzlich Projekte und Arbeit unter einem Hut bekommen. Das Leben als Mommy kann ganz sch\u00f6n an den Nerven zerren. Dennoch ist es am Ende des Tages der sch\u00f6nste Job der Welt.\u00a0<\/p>\n<p>Was aber oft viel zu kurz kommt ist ZEIT F\u00dcR UNS! Genau daf\u00fcr steht &#8218;MOMMY TIME&#8216; &#8211; ein ganz besonderer Tag f\u00fcr dich und deine Liebsten. Komm mit deiner besten Freundin, deiner Schwester, Mutter, Tante, deinem Mann, deinen Kindern&#8230;. und genie\u00df diesen Tag.\u00a0Schau dir die tollen Shops an, lass dich inspirieren, verfolge spannende Talks mit und treffe deine Lieblingsinfluencer.\u00a0<\/p>\n<p>Ich freue mich, wenn ihr am 29.M\u00e4rz in Duisburg (wieder) mit dabei seid! Wir haben wieder tolle Sachen f\u00fcr euch geplant und hoffen ihr werdet einen wundersch\u00f6nen Tag erleben.\u00a0<\/p>\n<p>\u00a0<\/p>\n<p>\u00a0<\/p>\n<p>\t\t\t\t\t\t\t\t\t\t<img loading=\"lazy\" decoding=\"async\" width=\"768\" height=\"1024\" src=\"https:\/\/mommy-time.de\/wordpress\/wp-content\/uploads\/2019\/12\/MT-768x1024.jpg\" alt=\"\" srcset=\"https:\/\/mommy-time.de\/wordpress\/wp-content\/uploads\/2019\/12\/MT-768x1024.jpg 768w, https:\/\/mommy-time.de\/wordpress\/wp-content\/uploads\/2019\/12\/MT-225x300.jpg 225w, https:\/\/mommy-time.de\/wordpress\/wp-content\/uploads\/2019\/12\/MT-1152x1536.jpg 1152w, https:\/\/mommy-time.de\/wordpress\/wp-content\/uploads\/2019\/12\/MT-655x873.jpg 655w, https:\/\/mommy-time.de\/wordpress\/wp-content\/uploads\/2019\/12\/MT.jpg 1200w\" sizes=\"auto, (max-width: 768px) 100vw, 768px\" \/>\t\t\t\t\t\t\t\t\t\t\t<\/p>\n<h5>29.03.2020<\/h5>\n<h2>MOMMY TIME 2.0<\/h2>\n<p><strong>Bei<\/strong><b> Mommy Time ist mir vor allem eins wichtig &#8211;<\/b> Es soll famili\u00e4r und gem\u00fctlich sein, Mamis sollen sich gegenseitig kennenlernen k\u00f6nnen und es soll Spa\u00df machen! Am 29. M\u00e4rz geht Mommy Time in die zweite Runde und es soll wieder ganz besonders sein. Geplant sind ca. 40 Shops, die ihr entdecken k\u00f6nnt. Es werden wieder viele tolle Influencer mit dabei sein, einige, die auch das letzte Mal dabei waren, aber auch einige neue Gesichter. Ich habe mir nat\u00fcrlich auch etwas f\u00fcr die Kinder einfallen lassen! Denn wie es so sch\u00f6n hei\u00dft: Happy Kids = Happy Moms\u00a0<\/p>\n<p>Die Steinhof Eventlocation in Duisburg bietet sich daf\u00fcr ideal an, denn sie bietet nicht nur eine gro\u00dfe Halle, wo ihr die Aussteller treffen k\u00f6nnt, sondern auch eine gro\u00dfe B\u00fchne. Dazu kommt, dass wir einen tollen Au\u00dfenbereich haben! Dadurch, dass es auch mehrere kleine R\u00e4ume gibt, habt ihr Mamas einen eigenen Raum f\u00fcr euch wo ihr Babys stillen, f\u00fcttern und wickeln k\u00f6nnt! Ich freue mich extrem auf das n\u00e4chste Event und hoffe es wird wieder ein sch\u00f6nes Zusammentreffen.\u00a0<\/p>\n<h2>LETZTE BLOGPOSTS<\/h2>\n","protected":false},"excerpt":{"rendered":"<p>Zur\u00fcck Weiter DAS EVENT SHOP BLOG F\u00dcR MOMMY&#8217;S! Wir k\u00fcmmern uns den ganzen Tag um unsere Kinder, Familien, den Haushalt und einige m\u00fcssen noch zus\u00e4tzlich Projekte und Arbeit unter einem Hut bekommen. Das Leben als Mommy kann ganz sch\u00f6n an&#8230;<\/p>\n<div class=\"post-footer\">\n<div class=\"more-link\"><a href=\"https:\/\/mommy-time.de\/wordpress\/\">READ MORE<\/a><\/div>\n","protected":false},"author":2,"featured_media":0,"parent":0,"menu_order":0,"comment_status":"closed","ping_status":"closed","template":"","meta":{"_genesis_hide_title":false,"_genesis_hide_breadcrumbs":false,"_genesis_hide_singular_image":false,"_genesis_hide_footer_widgets":false,"_genesis_custom_body_class":"","_genesis_custom_post_class":"","_genesis_layout":"","footnotes":""},"class_list":{"0":"post-500","1":"page","2":"type-page","3":"status-publish","5":"entry","6":"odd"},"_links":{"self":[{"href":"https:\/\/mommy-time.de\/wordpress\/wp-json\/wp\/v2\/pages\/500","targetHints":{"allow":["GET"]}}],"collection":[{"href":"https:\/\/mommy-time.de\/wordpress\/wp-json\/wp\/v2\/pages"}],"about":[{"href":"https:\/\/mommy-time.de\/wordpress\/wp-json\/wp\/v2\/types\/page"}],"author":[{"embeddable":true,"href":"https:\/\/mommy-time.de\/wordpress\/wp-json\/wp\/v2\/users\/2"}],"replies":[{"embeddable":true,"href":"https:\/\/mommy-time.de\/wordpress\/wp-json\/wp\/v2\/comments?post=500"}],"version-history":[{"count":13,"href":"https:\/\/mommy-time.de\/wordpress\/wp-json\/wp\/v2\/pages\/500\/revisions"}],"predecessor-version":[{"id":1916,"href":"https:\/\/mommy-time.de\/wordpress\/wp-json\/wp\/v2\/pages\/500\/revisions\/1916"}],"wp:attachment":[{"href":"https:\/\/mommy-time.de\/wordpress\/wp-json\/wp\/v2\/media?parent=500"}],"curies":[{"name":"wp","href":"https:\/\/api.w.org\/{rel}","templated":true}]}}