{"id":5,"date":"2018-02-04T16:06:17","date_gmt":"2018-02-04T16:06:17","guid":{"rendered":"http:\/\/localhost\/wordpress\/catelyn\/?page_id=5"},"modified":"2019-12-13T23:13:41","modified_gmt":"2019-12-13T23:13:41","slug":"about","status":"publish","type":"page","link":"https:\/\/mommy-time.de\/wordpress\/about\/","title":{"rendered":"ABOUT"},"content":{"rendered":"<p><img loading=\"lazy\" decoding=\"async\" class=\"alignnone size-full wp-image-625\" src=\"https:\/\/mommy-time.de\/wordpress\/wp-content\/uploads\/2018\/03\/Bildschirmfoto-2019-12-13-um-23.18.07.png\" alt=\"\" width=\"1018\" height=\"678\" srcset=\"https:\/\/mommy-time.de\/wordpress\/wp-content\/uploads\/2018\/03\/Bildschirmfoto-2019-12-13-um-23.18.07.png 1018w, https:\/\/mommy-time.de\/wordpress\/wp-content\/uploads\/2018\/03\/Bildschirmfoto-2019-12-13-um-23.18.07-300x200.png 300w, https:\/\/mommy-time.de\/wordpress\/wp-content\/uploads\/2018\/03\/Bildschirmfoto-2019-12-13-um-23.18.07-768x511.png 768w, https:\/\/mommy-time.de\/wordpress\/wp-content\/uploads\/2018\/03\/Bildschirmfoto-2019-12-13-um-23.18.07-655x436.png 655w\" sizes=\"auto, (max-width: 1018px) 100vw, 1018px\" \/><\/p>\n<div>Es ist wieder soweit: Das \u201aMommy Time\u2018 Event geht am 29.03.20 in Duisburg in die zweite Runde und wir m\u00f6chten dich einladen dabei zu sein! Was letztes Mal ein Wahnsinns Erfolg war soll 2020 weitergehen!<\/div>\n<div>\n<div><\/div>\n<div>Mommy Time ist ein Event f\u00fcr M\u00fctter, werdende M\u00fctter, Familien und Interessierte und das erste Lifestyle Event f\u00fcr diese Zielgruppe.<\/div>\n<div>Wir haben viele verschiedene Popup St\u00e4nde mit dabei, spannende Auftritte, coole Foodtrucks, Presse, Fotowand, Goodiebags f\u00fcr die G\u00e4ste und jede Menge Influencer!<\/div>\n<\/div>\n","protected":false},"excerpt":{"rendered":"<p>Es ist wieder soweit: Das \u201aMommy Time\u2018 Event geht am 29.03.20 in Duisburg in die zweite Runde und wir m\u00f6chten dich einladen dabei zu sein! Was letztes Mal ein Wahnsinns Erfolg war soll 2020 weitergehen! Mommy Time ist ein Event&#8230;<\/p>\n<div class=\"post-footer\">\n<div class=\"more-link\"><a href=\"https:\/\/mommy-time.de\/wordpress\/about\/\">READ MORE<\/a><\/div>\n","protected":false},"author":2,"featured_media":0,"parent":0,"menu_order":0,"comment_status":"closed","ping_status":"closed","template":"","meta":{"_genesis_hide_title":false,"_genesis_hide_breadcrumbs":false,"_genesis_hide_singular_image":false,"_genesis_hide_footer_widgets":false,"_genesis_custom_body_class":"hide-title","_genesis_custom_post_class":"","_genesis_layout":"full-width-content","footnotes":""},"class_list":{"0":"post-5","1":"page","2":"type-page","3":"status-publish","5":"entry","6":"odd"},"_links":{"self":[{"href":"https:\/\/mommy-time.de\/wordpress\/wp-json\/wp\/v2\/pages\/5","targetHints":{"allow":["GET"]}}],"collection":[{"href":"https:\/\/mommy-time.de\/wordpress\/wp-json\/wp\/v2\/pages"}],"about":[{"href":"https:\/\/mommy-time.de\/wordpress\/wp-json\/wp\/v2\/types\/page"}],"author":[{"embeddable":true,"href":"https:\/\/mommy-time.de\/wordpress\/wp-json\/wp\/v2\/users\/2"}],"replies":[{"embeddable":true,"href":"https:\/\/mommy-time.de\/wordpress\/wp-json\/wp\/v2\/comments?post=5"}],"version-history":[{"count":2,"href":"https:\/\/mommy-time.de\/wordpress\/wp-json\/wp\/v2\/pages\/5\/revisions"}],"predecessor-version":[{"id":658,"href":"https:\/\/mommy-time.de\/wordpress\/wp-json\/wp\/v2\/pages\/5\/revisions\/658"}],"wp:attachment":[{"href":"https:\/\/mommy-time.de\/wordpress\/wp-json\/wp\/v2\/media?parent=5"}],"curies":[{"name":"wp","href":"https:\/\/api.w.org\/{rel}","templated":true}]}}